{"id":148,"date":"2023-12-13T15:58:55","date_gmt":"2023-12-13T15:58:55","guid":{"rendered":"https:\/\/tesmes.projects.unibz.it\/?page_id=148"},"modified":"2023-12-13T16:13:27","modified_gmt":"2023-12-13T16:13:27","slug":"wer-wir-sind","status":"publish","type":"page","link":"https:\/\/tesmes.projects.unibz.it\/?page_id=148","title":{"rendered":"Wer wir sind"},"content":{"rendered":"\n<h2 class=\"wp-block-heading has-text-align-left\"><strong>Das Partnerunternehmen stellt sich vor<\/strong><\/h2>\n\n\n\n<div style=\"height:30px\" aria-hidden=\"true\" class=\"wp-block-spacer\"><\/div>\n\n\n\n<div class=\"wp-block-group is-vertical is-content-justification-center is-layout-flex wp-container-core-group-is-layout-4b2eccd6 wp-block-group-is-layout-flex\">\n<figure class=\"wp-block-image size-full is-resized\"><a href=\"https:\/\/www.my-gekko.com\/\"><img loading=\"lazy\" decoding=\"async\" width=\"3258\" height=\"1027\" src=\"https:\/\/tesmes.projects.unibz.it\/wp-content\/uploads\/2023\/12\/myGEKKO-web.png\" alt=\"\" class=\"wp-image-54\" style=\"width:356px;height:auto\" srcset=\"https:\/\/tesmes.projects.unibz.it\/wp-content\/uploads\/2023\/12\/myGEKKO-web.png 3258w, https:\/\/tesmes.projects.unibz.it\/wp-content\/uploads\/2023\/12\/myGEKKO-web-300x95.png 300w, https:\/\/tesmes.projects.unibz.it\/wp-content\/uploads\/2023\/12\/myGEKKO-web-1024x323.png 1024w, https:\/\/tesmes.projects.unibz.it\/wp-content\/uploads\/2023\/12\/myGEKKO-web-768x242.png 768w, https:\/\/tesmes.projects.unibz.it\/wp-content\/uploads\/2023\/12\/myGEKKO-web-1536x484.png 1536w, https:\/\/tesmes.projects.unibz.it\/wp-content\/uploads\/2023\/12\/myGEKKO-web-2048x646.png 2048w\" sizes=\"auto, (max-width: 3258px) 100vw, 3258px\" \/><\/a><\/figure>\n\n\n\n<p class=\"has-text-align-center\">Ekon Srl entwickelt Hardware- und Softwarel\u00f6sungen f\u00fcr Geb\u00e4ude und digitale Strukturen. Der Kernfokus jeder Entwicklung und Handlung dreht sich immer um das Wohlbefinden der Menschen, mit dem Ziel, ihr Leben und ihren Lebensstil komfortabler, sicherer und energieeffizienter zu gestalten. Durch myGEKKO Building Intelligence ist Ekon Srl ein f\u00fchrendes Unternehmen im Bereich der Geb\u00e4udedigitalisierung. Als Digitalisierungsunternehmen widmet sich Ekon Srl der Schaffung intelligenter Geb\u00e4ude, H\u00e4user und St\u00e4dte. Mit myGEKKO strebt Ekon Srl an, einen bedeutenden Beitrag zu verantwortungsvollem Wohnen in einer Zukunft zu leisten, in der Individualit\u00e4t, Energieeffizienz und der Schutz nat\u00fcrlicher Ressourcen immer wichtiger werden. Derzeit bedient Ekon Srl M\u00e4rkte in Deutschland, \u00d6sterreich, der Schweiz und Italien.<\/p>\n<\/div>\n\n\n\n<div style=\"height:30px\" aria-hidden=\"true\" class=\"wp-block-spacer\"><\/div>\n\n\n\n<h2 class=\"wp-block-heading\"><strong>Das am Forschungsprojekt beteiligte Personal<\/strong><\/h2>\n\n\n\n<div class=\"wp-block-media-text is-stacked-on-mobile\" style=\"grid-template-columns:20% auto\"><figure class=\"wp-block-media-text__media\"><img loading=\"lazy\" decoding=\"async\" width=\"1024\" height=\"763\" src=\"https:\/\/tesmes.projects.unibz.it\/wp-content\/uploads\/2023\/12\/Foto-Profilo-1024x763.jpg\" alt=\"\" class=\"wp-image-49 size-full\" srcset=\"https:\/\/tesmes.projects.unibz.it\/wp-content\/uploads\/2023\/12\/Foto-Profilo-1024x763.jpg 1024w, https:\/\/tesmes.projects.unibz.it\/wp-content\/uploads\/2023\/12\/Foto-Profilo-300x223.jpg 300w, https:\/\/tesmes.projects.unibz.it\/wp-content\/uploads\/2023\/12\/Foto-Profilo-768x572.jpg 768w, https:\/\/tesmes.projects.unibz.it\/wp-content\/uploads\/2023\/12\/Foto-Profilo-1536x1144.jpg 1536w, https:\/\/tesmes.projects.unibz.it\/wp-content\/uploads\/2023\/12\/Foto-Profilo-2048x1525.jpg 2048w\" sizes=\"auto, (max-width: 1024px) 100vw, 1024px\" \/><\/figure><div class=\"wp-block-media-text__content\">\n<div class=\"wp-block-group is-nowrap is-layout-flex wp-container-core-group-is-layout-ad2f72ca wp-block-group-is-layout-flex\">\n<ul class=\"wp-block-social-links is-layout-flex wp-block-social-links-is-layout-flex\"><li class=\"wp-social-link wp-social-link-linkedin  wp-block-social-link\"><a href=\"https:\/\/www.linkedin.com\/in\/riccardo-albertin-697622a9\/\" class=\"wp-block-social-link-anchor\"><svg width=\"24\" height=\"24\" viewBox=\"0 0 24 24\" version=\"1.1\" xmlns=\"http:\/\/www.w3.org\/2000\/svg\" aria-hidden=\"true\" focusable=\"false\"><path d=\"M19.7,3H4.3C3.582,3,3,3.582,3,4.3v15.4C3,20.418,3.582,21,4.3,21h15.4c0.718,0,1.3-0.582,1.3-1.3V4.3 C21,3.582,20.418,3,19.7,3z M8.339,18.338H5.667v-8.59h2.672V18.338z M7.004,8.574c-0.857,0-1.549-0.694-1.549-1.548 c0-0.855,0.691-1.548,1.549-1.548c0.854,0,1.547,0.694,1.547,1.548C8.551,7.881,7.858,8.574,7.004,8.574z M18.339,18.338h-2.669 v-4.177c0-0.996-0.017-2.278-1.387-2.278c-1.389,0-1.601,1.086-1.601,2.206v4.249h-2.667v-8.59h2.559v1.174h0.037 c0.356-0.675,1.227-1.387,2.526-1.387c2.703,0,3.203,1.779,3.203,4.092V18.338z\"><\/path><\/svg><span class=\"wp-block-social-link-label screen-reader-text\">LinkedIn<\/span><\/a><\/li><\/ul>\n\n\n\n<p><strong>Riccardo Albertin<\/strong><\/p>\n<\/div>\n\n\n\n<p>Energieingenieur mit einem Doktortitel in Energie- und Nachhaltigkeitstechnologien. Seine Forschung konzentriert sich auf zwei Hauptbereiche: Luftqualit\u00e4t und Bel\u00fcftung in beengten R\u00e4umen sowie die Optimierung und Kalibrierung von Energiemodellen f\u00fcr Geb\u00e4ude.<\/p>\n<\/div><\/div>\n\n\n\n<div style=\"height:30px\" aria-hidden=\"true\" class=\"wp-block-spacer\"><\/div>\n\n\n\n<div class=\"wp-block-media-text is-stacked-on-mobile\" style=\"grid-template-columns:20% auto\"><figure class=\"wp-block-media-text__media\"><img loading=\"lazy\" decoding=\"async\" width=\"520\" height=\"520\" src=\"https:\/\/tesmes.projects.unibz.it\/wp-content\/uploads\/2023\/12\/Pernigotto-unibz.png\" alt=\"\" class=\"wp-image-51 size-full\" srcset=\"https:\/\/tesmes.projects.unibz.it\/wp-content\/uploads\/2023\/12\/Pernigotto-unibz.png 520w, https:\/\/tesmes.projects.unibz.it\/wp-content\/uploads\/2023\/12\/Pernigotto-unibz-300x300.png 300w, https:\/\/tesmes.projects.unibz.it\/wp-content\/uploads\/2023\/12\/Pernigotto-unibz-150x150.png 150w\" sizes=\"auto, (max-width: 520px) 100vw, 520px\" \/><\/figure><div class=\"wp-block-media-text__content\">\n<div class=\"wp-block-group is-nowrap is-layout-flex wp-container-core-group-is-layout-ad2f72ca wp-block-group-is-layout-flex\">\n<ul class=\"wp-block-social-links is-layout-flex wp-block-social-links-is-layout-flex\"><li class=\"wp-social-link wp-social-link-linkedin  wp-block-social-link\"><a href=\"https:\/\/www.linkedin.com\/in\/giovanni-pernigotto-11801823\/\" class=\"wp-block-social-link-anchor\"><svg width=\"24\" height=\"24\" viewBox=\"0 0 24 24\" version=\"1.1\" xmlns=\"http:\/\/www.w3.org\/2000\/svg\" aria-hidden=\"true\" focusable=\"false\"><path d=\"M19.7,3H4.3C3.582,3,3,3.582,3,4.3v15.4C3,20.418,3.582,21,4.3,21h15.4c0.718,0,1.3-0.582,1.3-1.3V4.3 C21,3.582,20.418,3,19.7,3z M8.339,18.338H5.667v-8.59h2.672V18.338z M7.004,8.574c-0.857,0-1.549-0.694-1.549-1.548 c0-0.855,0.691-1.548,1.549-1.548c0.854,0,1.547,0.694,1.547,1.548C8.551,7.881,7.858,8.574,7.004,8.574z M18.339,18.338h-2.669 v-4.177c0-0.996-0.017-2.278-1.387-2.278c-1.389,0-1.601,1.086-1.601,2.206v4.249h-2.667v-8.59h2.559v1.174h0.037 c0.356-0.675,1.227-1.387,2.526-1.387c2.703,0,3.203,1.779,3.203,4.092V18.338z\"><\/path><\/svg><span class=\"wp-block-social-link-label screen-reader-text\">LinkedIn<\/span><\/a><\/li><\/ul>\n\n\n\n<p><strong>Giovanni Pernigotto<\/strong><\/p>\n<\/div>\n\n\n\n<p>Engineer mit einem Doktortitel in Industrietechnik. Seine Forschung erstreckt sich von der Charakterisierung des thermischen Verhaltens von Geb\u00e4udeh\u00fcllen bis zur Untersuchung der Energieeffizienz von Geb\u00e4uden und der Innenraumluftqualit\u00e4t, einschlie\u00dflich stadtweiter Analysen zur Definition von Energiepolitik. Seit 2023 ist er au\u00dferdem au\u00dferordentlicher Professor an der Freien Universit\u00e4t Bozen.<\/p>\n<\/div><\/div>\n\n\n\n<div style=\"height:35px\" aria-hidden=\"true\" class=\"wp-block-spacer\"><\/div>\n\n\n\n<div class=\"wp-block-buttons is-content-justification-center is-layout-flex wp-container-core-buttons-is-layout-16018d1d wp-block-buttons-is-layout-flex\">\n<div class=\"wp-block-button is-style-outline is-style-outline--1\"><a class=\"wp-block-button__link has-black-color has-luminous-vivid-amber-background-color has-text-color has-background has-link-color wp-element-button\" href=\"https:\/\/tesmes.projects.unibz.it\/?page_id=133\" style=\"border-radius:100px\"><strong>Go to the English page<\/strong><\/a><\/div>\n\n\n\n<div class=\"wp-block-button is-style-outline is-style-outline--2\"><a class=\"wp-block-button__link has-black-color has-pale-cyan-blue-background-color has-text-color has-background has-link-color wp-element-button\" href=\"https:\/\/tesmes.projects.unibz.it\/?page_id=48\" style=\"border-radius:100px\"><strong>Vai alla pagina in Italiano<\/strong><\/a><\/div>\n<\/div>\n","protected":false},"excerpt":{"rendered":"<p>Das Partnerunternehmen stellt sich vor Ekon Srl entwickelt Hardware- und Softwarel\u00f6sungen f\u00fcr Geb\u00e4ude und digitale Strukturen. Der Kernfokus jeder Entwicklung und Handlung dreht sich immer um das Wohlbefinden der Menschen, mit dem Ziel, ihr Leben und ihren Lebensstil komfortabler, sicherer und energieeffizienter zu gestalten. Durch myGEKKO Building Intelligence ist Ekon Srl ein f\u00fchrendes Unternehmen im Bereich der Geb\u00e4udedigitalisierung. Als Digitalisierungsunternehmen widmet sich Ekon Srl der Schaffung intelligenter Geb\u00e4ude, H\u00e4user und St\u00e4dte. Mit myGEKKO strebt Ekon Srl an, einen bedeutenden Beitrag zu verantwortungsvollem Wohnen in einer Zukunft zu leisten, in der Individualit\u00e4t, Energieeffizienz und der Schutz nat\u00fcrlicher Ressourcen immer wichtiger werden. [&hellip;]<\/p>\n","protected":false},"author":8,"featured_media":0,"parent":0,"menu_order":0,"comment_status":"closed","ping_status":"closed","template":"","meta":{"footnotes":""},"class_list":["post-148","page","type-page","status-publish","hentry"],"_links":{"self":[{"href":"https:\/\/tesmes.projects.unibz.it\/index.php?rest_route=\/wp\/v2\/pages\/148","targetHints":{"allow":["GET"]}}],"collection":[{"href":"https:\/\/tesmes.projects.unibz.it\/index.php?rest_route=\/wp\/v2\/pages"}],"about":[{"href":"https:\/\/tesmes.projects.unibz.it\/index.php?rest_route=\/wp\/v2\/types\/page"}],"author":[{"embeddable":true,"href":"https:\/\/tesmes.projects.unibz.it\/index.php?rest_route=\/wp\/v2\/users\/8"}],"replies":[{"embeddable":true,"href":"https:\/\/tesmes.projects.unibz.it\/index.php?rest_route=%2Fwp%2Fv2%2Fcomments&post=148"}],"version-history":[{"count":4,"href":"https:\/\/tesmes.projects.unibz.it\/index.php?rest_route=\/wp\/v2\/pages\/148\/revisions"}],"predecessor-version":[{"id":179,"href":"https:\/\/tesmes.projects.unibz.it\/index.php?rest_route=\/wp\/v2\/pages\/148\/revisions\/179"}],"wp:attachment":[{"href":"https:\/\/tesmes.projects.unibz.it\/index.php?rest_route=%2Fwp%2Fv2%2Fmedia&parent=148"}],"curies":[{"name":"wp","href":"https:\/\/api.w.org\/{rel}","templated":true}]}}