{"id":139,"date":"2023-12-13T15:34:30","date_gmt":"2023-12-13T15:34:30","guid":{"rendered":"https:\/\/tesmes.projects.unibz.it\/?page_id=139"},"modified":"2023-12-13T16:08:09","modified_gmt":"2023-12-13T16:08:09","slug":"tesmes-home-german","status":"publish","type":"page","link":"https:\/\/tesmes.projects.unibz.it\/?page_id=139","title":{"rendered":"TeSmES &#8211; German"},"content":{"rendered":"\n<h1 class=\"wp-block-heading\" style=\"font-style:normal;font-weight:700\">Smarte Technologien f\u00fcr nachhaltige Geb\u00e4ude &#8211; TeSmES<\/h1>\n\n\n\n<h2 class=\"wp-block-heading\">Automatisierungsl\u00f6sungen f\u00fcr Geb\u00e4ude zur Steigerung der Energieeffizienz<\/h2>\n\n\n\n<div style=\"height:11px\" aria-hidden=\"true\" class=\"wp-block-spacer\"><\/div>\n\n\n\n<p class=\"has-text-align-left\">Das <strong>TeSmES<\/strong>&#8211;<strong>Projekt <\/strong>konzentriert sich auf die Analyse der M\u00f6glichkeiten, die durch Geb\u00e4udeautomatisierungsl\u00f6sungen geboten werden, um bestehende Geb\u00e4ude in <em>Smart Buildings<\/em> zu verwandeln. Das Hauptziel besteht darin, die in den Geb\u00e4uden vorhandenen Systeme zu optimieren, wobei ein besonderer Schwerpunkt auf intelligenten Steuerungsl\u00f6sungen liegt.<\/p>\n\n\n\n<div style=\"height:11px\" aria-hidden=\"true\" class=\"wp-block-spacer\"><\/div>\n\n\n\n<p class=\"has-text-align-left\">Das Projekt wird in Zusammenarbeit zwischen der Freien Universit\u00e4t Bozen und dem Unternehmen myGEKKO \/ Ekon entwickelt und von der Fondazione Cassa di Risparmio finanziert. Speziell ist <strong>Riccardo Albertin<\/strong>, ein Forschungsstipendiat, f\u00fcr die im Projekt vorgesehenen Aktivit\u00e4ten verantwortlich, w\u00e4hrend die wissenschaftliche Koordination von <strong>Giovanni Pernigotto<\/strong>, au\u00dferordentlicher Professor an der Freien Universit\u00e4t Bozen (Building Physics Lab), \u00fcbernommen wird.<\/p>\n\n\n\n<div style=\"height:33px\" aria-hidden=\"true\" class=\"wp-block-spacer\"><\/div>\n\n\n\n<figure class=\"wp-block-table\"><table><tbody><tr><td class=\"has-text-align-center\" data-align=\"center\"><strong>Forschungseinrichtung<\/strong><\/td><td>Freie Universit\u00e4t Bozen | Bauphysik<\/td><\/tr><tr><td class=\"has-text-align-center\" data-align=\"center\"><strong>Partnerunternehmen<\/strong><\/td><td>myGEKKO | Ekon<\/td><\/tr><tr><td class=\"has-text-align-center\" data-align=\"center\"><strong>Finanzierende Institution<\/strong><\/td><td>Stiftung S\u00fcdtiroler Sparkasse<\/td><\/tr><tr><td class=\"has-text-align-center\" data-align=\"center\"><strong>Forschungsstipendiat<\/strong><\/td><td>Dr. Riccardo Albertin<\/td><\/tr><tr><td class=\"has-text-align-center\" data-align=\"center\"><strong>Wissenschaftliche Koordination<\/strong><\/td><td>Prof. Giovanni Pernigotto<\/td><\/tr><tr><td class=\"has-text-align-center\" data-align=\"center\"><strong>CUP<\/strong><\/td><td>I53C22001930007<\/td><\/tr><\/tbody><\/table><\/figure>\n\n\n\n<div style=\"height:15px\" aria-hidden=\"true\" class=\"wp-block-spacer\"><\/div>\n\n\n\n<h4 class=\"wp-block-heading\" style=\"font-style:italic;font-weight:600\">Schl\u00fcsselw\u00f6rter:<\/h4>\n\n\n\n<ul class=\"wp-block-list\">\n<li>Hochleistungsgeb\u00e4ude<\/li>\n\n\n\n<li>Energieeffizienz<\/li>\n\n\n\n<li>Automazione<\/li>\n\n\n\n<li>Fortgeschrittene Anlagensteuerung<\/li>\n<\/ul>\n\n\n\n<div style=\"height:15px\" aria-hidden=\"true\" class=\"wp-block-spacer\"><\/div>\n\n\n\n<div class=\"wp-block-buttons is-content-justification-center is-layout-flex wp-container-core-buttons-is-layout-16018d1d wp-block-buttons-is-layout-flex\">\n<div class=\"wp-block-button is-style-outline is-style-outline--1\"><a class=\"wp-block-button__link has-black-color has-luminous-vivid-amber-background-color has-text-color has-background has-link-color wp-element-button\" href=\"https:\/\/tesmes.projects.unibz.it\/?page_id=112\" style=\"border-radius:54px\"><strong>Go to the English page<\/strong><\/a><\/div>\n\n\n\n<div class=\"wp-block-button is-style-outline is-style-outline--2\"><a class=\"wp-block-button__link has-black-color has-pale-cyan-blue-background-color has-text-color has-background has-link-color wp-element-button\" href=\"https:\/\/tesmes.projects.unibz.it\/\" style=\"border-radius:54px\"><strong>Vai alla pagina in Italiano<\/strong><\/a><\/div>\n<\/div>\n","protected":false},"excerpt":{"rendered":"<p>Smarte Technologien f\u00fcr nachhaltige Geb\u00e4ude &#8211; TeSmES Automatisierungsl\u00f6sungen f\u00fcr Geb\u00e4ude zur Steigerung der Energieeffizienz Das TeSmES&#8211;Projekt konzentriert sich auf die Analyse der M\u00f6glichkeiten, die durch Geb\u00e4udeautomatisierungsl\u00f6sungen geboten werden, um bestehende Geb\u00e4ude in Smart Buildings zu verwandeln. Das Hauptziel besteht darin, die in den Geb\u00e4uden vorhandenen Systeme zu optimieren, wobei ein besonderer Schwerpunkt auf intelligenten Steuerungsl\u00f6sungen liegt. Das Projekt wird in Zusammenarbeit zwischen der Freien Universit\u00e4t Bozen und dem Unternehmen myGEKKO \/ Ekon entwickelt und von der Fondazione Cassa di Risparmio finanziert. Speziell ist Riccardo Albertin, ein Forschungsstipendiat, f\u00fcr die im Projekt vorgesehenen Aktivit\u00e4ten verantwortlich, w\u00e4hrend die wissenschaftliche Koordination von Giovanni [&hellip;]<\/p>\n","protected":false},"author":8,"featured_media":0,"parent":0,"menu_order":0,"comment_status":"closed","ping_status":"closed","template":"","meta":{"footnotes":""},"class_list":["post-139","page","type-page","status-publish","hentry"],"_links":{"self":[{"href":"https:\/\/tesmes.projects.unibz.it\/index.php?rest_route=\/wp\/v2\/pages\/139","targetHints":{"allow":["GET"]}}],"collection":[{"href":"https:\/\/tesmes.projects.unibz.it\/index.php?rest_route=\/wp\/v2\/pages"}],"about":[{"href":"https:\/\/tesmes.projects.unibz.it\/index.php?rest_route=\/wp\/v2\/types\/page"}],"author":[{"embeddable":true,"href":"https:\/\/tesmes.projects.unibz.it\/index.php?rest_route=\/wp\/v2\/users\/8"}],"replies":[{"embeddable":true,"href":"https:\/\/tesmes.projects.unibz.it\/index.php?rest_route=%2Fwp%2Fv2%2Fcomments&post=139"}],"version-history":[{"count":5,"href":"https:\/\/tesmes.projects.unibz.it\/index.php?rest_route=\/wp\/v2\/pages\/139\/revisions"}],"predecessor-version":[{"id":169,"href":"https:\/\/tesmes.projects.unibz.it\/index.php?rest_route=\/wp\/v2\/pages\/139\/revisions\/169"}],"wp:attachment":[{"href":"https:\/\/tesmes.projects.unibz.it\/index.php?rest_route=%2Fwp%2Fv2%2Fmedia&parent=139"}],"curies":[{"name":"wp","href":"https:\/\/api.w.org\/{rel}","templated":true}]}}